{"id":463,"date":"2013-11-24T22:27:03","date_gmt":"2013-11-24T22:27:03","guid":{"rendered":"http:\/\/wpexplorer-demos.com\/?page_id=463"},"modified":"2020-11-02T00:28:05","modified_gmt":"2020-11-01T22:28:05","slug":"ravintolat","status":"publish","type":"page","link":"https:\/\/torikeskus.fi\/?page_id=463","title":{"rendered":"Ravintolat"},"content":{"rendered":"[vc_row full_width=&#8221;stretch_row&#8221; wpex_bg_overlay=&#8221;dark&#8221; css=&#8221;.vc_custom_1604255948042{margin-bottom: 30px !important;padding-top: 100px !important;padding-bottom: 70px !important;background-image: url(https:\/\/uusi.torikeskus.fi\/wp-content\/uploads\/2020\/11\/ravintolat-bg.jpg?id=5013) !important;background-position: center !important;background-repeat: no-repeat !important;background-size: cover !important;}&#8221;][vc_column]<h1 class=\"vcex-module vcex-heading wpex-text-2xl wpex-font-normal wpex-m-auto wpex-max-w-100 vcex-heading-plain wpex-block wpex-text-center\" style=\"color:#ffffff;font-size:5em;\"><span class=\"vcex-heading-inner wpex-inline-block wpex-clr\">Ravintolat ja kahvilat<\/span><\/h1>[\/vc_column][\/vc_row][vc_row][vc_column]<div class=\"vcex-module vcex-portfolio-grid-wrap wpex-clr\"><div class=\"wpex-row vcex-portfolio-grid wpex-clr entries match-height-grid\"><div class=\"portfolio-entry vcex-grid-item entry-has-details span_1_of_3 col col-1 post-5222 entry type-portfolio no-media cat-36 cat-55\"><div class=\"portfolio-entry-inner entry-inner wpex-first-mt-0 wpex-last-mb-0 wpex-clr\"><div class=\"portfolio-entry-details entry-details wpex-boxed wpex-first-mt-0 wpex-last-mb-0 wpex-clr\"><div class=\"match-height-content\"><h2 class=\"portfolio-entry-title entry-title wpex-mb-5\"><a href=\"https:\/\/torikeskus.fi\/?portfolio=black-diamond\" title=\"Black Diamond\">Black Diamond<\/a><\/h2><div class=\"portfolio-entry-excerpt entry-excerpt wpex-my-15 wpex-last-mb-0 wpex-clr\"><p>Black Diamond on elokuussa 2018 Jyv\u00e4skyl\u00e4\u00e4n avattu darts- ja biljardisali. Salilta l\u00f6ytyy yhdeks\u00e4n biljardip\u00f6yt\u00e4\u00e4 sek\u00e4&hellip;<\/p><\/div><\/div><\/div><\/div><\/div><div class=\"portfolio-entry vcex-grid-item entry-has-details span_1_of_3 col col-2 post-4911 entry type-portfolio has-media cat-36 cat-27\"><div class=\"portfolio-entry-inner entry-inner wpex-first-mt-0 wpex-last-mb-0 wpex-clr\"><div class=\"portfolio-entry-media entry-media overlay-parent overlay-parent-title-category-hover overlay-h wpex-overflow-hidden overlay-ms\"><a href=\"https:\/\/torikeskus.fi\/?portfolio=coffea\" title=\"Coffea &#8211; Kahvin, teen ja suklaan erikoisliike\" class=\"portfolio-entry-media-link\"><img decoding=\"async\" loading=\"lazy\" class=\"portfolio-entry-img wpex-align-middle\" src=\"https:\/\/torikeskus.fi\/wp-content\/uploads\/2020\/11\/coffea-1-500x350.jpg\" alt=\"\" width=\"500\" height=\"350\" \/>\n<div class=\"overlay-title-category-hover overlay-hide theme-overlay wpex-absolute wpex-inset-0 wpex-transition-all wpex-duration-300 wpex-overflow-hidden wpex-flex wpex-items-center wpex-justify-center wpex-text-center\">\n\n\t<div class=\"overlay-bg wpex-bg-black wpex-absolute wpex-inset-0 wpex-opacity-60\"><\/div>\n\n\t<div class=\"overlay-content overlay-scale wpex-relative wpex-text-white wpex-p-15 wpex-duration-300 wpex-transition-transform wpex-clr\">\n\n\t\t<div class=\"overlay-title wpex-text-lg\">Coffea &#8211; Kahvin, teen ja suklaan erikoisliike<\/div>\n\n\t\t<div class=\"overlay-terms wpex-opacity-80 wpex-italic\"><span class=\"term-36\">Kahvila- ja ravintolapalvelut<\/span>, <span class=\"term-27\">P\u00e4ivitt\u00e4istavarat<\/span><\/div>\n\t<\/div>\n\n<\/div><\/a><\/div><div class=\"portfolio-entry-details entry-details wpex-boxed wpex-first-mt-0 wpex-last-mb-0 wpex-clr\"><div class=\"match-height-content\"><h2 class=\"portfolio-entry-title entry-title wpex-mb-5\"><a href=\"https:\/\/torikeskus.fi\/?portfolio=coffea\" title=\"Coffea &#8211; Kahvin, teen ja suklaan erikoisliike\">Coffea &#8211; Kahvin, teen ja suklaan erikoisliike<\/a><\/h2><div class=\"portfolio-entry-excerpt entry-excerpt wpex-my-15 wpex-last-mb-0 wpex-clr\"><p>Coffea on alkuper\u00e4iskahvin, teen ja suklaan erikoisliike. Valikoimaan kuuluu vastapaahdettuja kahveja, irtoteet\u00e4 ja suklaata -&hellip;<\/p><\/div><\/div><\/div><\/div><\/div><div class=\"portfolio-entry vcex-grid-item entry-has-details span_1_of_3 col col-3 post-4915 entry type-portfolio has-media cat-36\"><div class=\"portfolio-entry-inner entry-inner wpex-first-mt-0 wpex-last-mb-0 wpex-clr\"><div class=\"portfolio-entry-media entry-media overlay-parent overlay-parent-title-category-hover overlay-h wpex-overflow-hidden overlay-ms\"><a href=\"https:\/\/torikeskus.fi\/?portfolio=lounaskahvio-pullapiste\" title=\"Lounaskahvio Pullapiste\" class=\"portfolio-entry-media-link\"><img decoding=\"async\" loading=\"lazy\" class=\"portfolio-entry-img wpex-align-middle\" src=\"https:\/\/torikeskus.fi\/wp-content\/uploads\/2020\/11\/pullapiste-500x350.jpg\" alt=\"\" width=\"500\" height=\"350\" \/>\n<div class=\"overlay-title-category-hover overlay-hide theme-overlay wpex-absolute wpex-inset-0 wpex-transition-all wpex-duration-300 wpex-overflow-hidden wpex-flex wpex-items-center wpex-justify-center wpex-text-center\">\n\n\t<div class=\"overlay-bg wpex-bg-black wpex-absolute wpex-inset-0 wpex-opacity-60\"><\/div>\n\n\t<div class=\"overlay-content overlay-scale wpex-relative wpex-text-white wpex-p-15 wpex-duration-300 wpex-transition-transform wpex-clr\">\n\n\t\t<div class=\"overlay-title wpex-text-lg\">Lounaskahvio Pullapiste<\/div>\n\n\t\t<div class=\"overlay-terms wpex-opacity-80 wpex-italic\"><span class=\"term-36\">Kahvila- ja ravintolapalvelut<\/span><\/div>\n\t<\/div>\n\n<\/div><\/a><\/div><div class=\"portfolio-entry-details entry-details wpex-boxed wpex-first-mt-0 wpex-last-mb-0 wpex-clr\"><div class=\"match-height-content\"><h2 class=\"portfolio-entry-title entry-title wpex-mb-5\"><a href=\"https:\/\/torikeskus.fi\/?portfolio=lounaskahvio-pullapiste\" title=\"Lounaskahvio Pullapiste\">Lounaskahvio Pullapiste<\/a><\/h2><div class=\"portfolio-entry-excerpt entry-excerpt wpex-my-15 wpex-last-mb-0 wpex-clr\"><p>Lounaskahvio Pullapiste on miellytt\u00e4v\u00e4 lev\u00e4hdyspaikka Jyv\u00e4skyl\u00e4n ydinkeskustassa, Torikeskuksen 1. kerroksessa. Voit tulla kahvilaamme maistamaan eri&hellip;<\/p><\/div><\/div><\/div><\/div><\/div><div class=\"portfolio-entry vcex-grid-item entry-has-details span_1_of_3 col col-1 post-4920 entry type-portfolio has-media cat-36\"><div class=\"portfolio-entry-inner entry-inner wpex-first-mt-0 wpex-last-mb-0 wpex-clr\"><div class=\"portfolio-entry-media entry-media overlay-parent overlay-parent-title-category-hover overlay-h wpex-overflow-hidden overlay-ms\"><a href=\"https:\/\/torikeskus.fi\/?portfolio=onni-pub-club\" title=\"Onni Pub &#038; Club\" class=\"portfolio-entry-media-link\"><img decoding=\"async\" loading=\"lazy\" class=\"portfolio-entry-img wpex-align-middle\" src=\"https:\/\/torikeskus.fi\/wp-content\/uploads\/2020\/11\/onnipub-500x350.jpg\" alt=\"\" width=\"500\" height=\"350\" \/>\n<div class=\"overlay-title-category-hover overlay-hide theme-overlay wpex-absolute wpex-inset-0 wpex-transition-all wpex-duration-300 wpex-overflow-hidden wpex-flex wpex-items-center wpex-justify-center wpex-text-center\">\n\n\t<div class=\"overlay-bg wpex-bg-black wpex-absolute wpex-inset-0 wpex-opacity-60\"><\/div>\n\n\t<div class=\"overlay-content overlay-scale wpex-relative wpex-text-white wpex-p-15 wpex-duration-300 wpex-transition-transform wpex-clr\">\n\n\t\t<div class=\"overlay-title wpex-text-lg\">Onni Pub &#038; Club<\/div>\n\n\t\t<div class=\"overlay-terms wpex-opacity-80 wpex-italic\"><span class=\"term-36\">Kahvila- ja ravintolapalvelut<\/span><\/div>\n\t<\/div>\n\n<\/div><\/a><\/div><div class=\"portfolio-entry-details entry-details wpex-boxed wpex-first-mt-0 wpex-last-mb-0 wpex-clr\"><div class=\"match-height-content\"><h2 class=\"portfolio-entry-title entry-title wpex-mb-5\"><a href=\"https:\/\/torikeskus.fi\/?portfolio=onni-pub-club\" title=\"Onni Pub &#038; Club\">Onni Pub &#038; Club<\/a><\/h2><div class=\"portfolio-entry-excerpt entry-excerpt wpex-my-15 wpex-last-mb-0 wpex-clr\"><p>Keskell\u00e4 Jyv\u00e4skyl\u00e4n kaupunkia Yliopistonkadulla on karaoke- ja seurusteluravintola aikuiseen makuun, joka viikonloppuisin muuntautuu discohittien ja&hellip;<\/p><\/div><\/div><\/div><\/div><\/div><div class=\"portfolio-entry vcex-grid-item entry-has-details span_1_of_3 col col-2 post-5166 entry type-portfolio has-media cat-36\"><div class=\"portfolio-entry-inner entry-inner wpex-first-mt-0 wpex-last-mb-0 wpex-clr\"><div class=\"portfolio-entry-media entry-media overlay-parent overlay-parent-title-category-hover overlay-h wpex-overflow-hidden overlay-ms\"><a href=\"https:\/\/torikeskus.fi\/?portfolio=ravintola-base-camp\" title=\"Ravintola Base Camp\" class=\"portfolio-entry-media-link\"><img decoding=\"async\" loading=\"lazy\" class=\"portfolio-entry-img wpex-align-middle\" src=\"https:\/\/torikeskus.fi\/wp-content\/uploads\/2023\/12\/basecamp-500x350.jpg\" alt=\"\" width=\"500\" height=\"350\" \/>\n<div class=\"overlay-title-category-hover overlay-hide theme-overlay wpex-absolute wpex-inset-0 wpex-transition-all wpex-duration-300 wpex-overflow-hidden wpex-flex wpex-items-center wpex-justify-center wpex-text-center\">\n\n\t<div class=\"overlay-bg wpex-bg-black wpex-absolute wpex-inset-0 wpex-opacity-60\"><\/div>\n\n\t<div class=\"overlay-content overlay-scale wpex-relative wpex-text-white wpex-p-15 wpex-duration-300 wpex-transition-transform wpex-clr\">\n\n\t\t<div class=\"overlay-title wpex-text-lg\">Ravintola Base Camp<\/div>\n\n\t\t<div class=\"overlay-terms wpex-opacity-80 wpex-italic\"><span class=\"term-36\">Kahvila- ja ravintolapalvelut<\/span><\/div>\n\t<\/div>\n\n<\/div><\/a><\/div><div class=\"portfolio-entry-details entry-details wpex-boxed wpex-first-mt-0 wpex-last-mb-0 wpex-clr\"><div class=\"match-height-content\"><h2 class=\"portfolio-entry-title entry-title wpex-mb-5\"><a href=\"https:\/\/torikeskus.fi\/?portfolio=ravintola-base-camp\" title=\"Ravintola Base Camp\">Ravintola Base Camp<\/a><\/h2><\/div><\/div><\/div><\/div><\/div><\/div>[\/vc_column][\/vc_row]\n","protected":false},"excerpt":{"rendered":"<p>[vc_row full_width=&#8221;stretch_row&#8221; wpex_bg_overlay=&#8221;dark&#8221; css=&#8221;.vc_custom_1604255948042{margin-bottom: 30px !important;padding-top: 100px !important;padding-bottom: 70px !important;background-image: url(https:\/\/uusi.torikeskus.fi\/wp-content\/uploads\/2020\/11\/ravintolat-bg.jpg?id=5013) !important;background-position: center !important;background-repeat: no-repeat !important;background-size: cover !important;}&#8221;][vc_column][\/vc_column][\/vc_row][vc_row][vc_column][\/vc_column][\/vc_row]<\/p>\n","protected":false},"author":1,"featured_media":0,"parent":0,"menu_order":0,"comment_status":"closed","ping_status":"closed","template":"","meta":{"footnotes":""},"pp_force_visibility":null,"pp_subpost_visibility":null,"pp_inherited_force_visibility":null,"pp_inherited_subpost_visibility":null,"_links":{"self":[{"href":"https:\/\/torikeskus.fi\/index.php?rest_route=\/wp\/v2\/pages\/463"}],"collection":[{"href":"https:\/\/torikeskus.fi\/index.php?rest_route=\/wp\/v2\/pages"}],"about":[{"href":"https:\/\/torikeskus.fi\/index.php?rest_route=\/wp\/v2\/types\/page"}],"author":[{"embeddable":true,"href":"https:\/\/torikeskus.fi\/index.php?rest_route=\/wp\/v2\/users\/1"}],"replies":[{"embeddable":true,"href":"https:\/\/torikeskus.fi\/index.php?rest_route=%2Fwp%2Fv2%2Fcomments&post=463"}],"version-history":[{"count":10,"href":"https:\/\/torikeskus.fi\/index.php?rest_route=\/wp\/v2\/pages\/463\/revisions"}],"predecessor-version":[{"id":5105,"href":"https:\/\/torikeskus.fi\/index.php?rest_route=\/wp\/v2\/pages\/463\/revisions\/5105"}],"wp:attachment":[{"href":"https:\/\/torikeskus.fi\/index.php?rest_route=%2Fwp%2Fv2%2Fmedia&parent=463"}],"curies":[{"name":"wp","href":"https:\/\/api.w.org\/{rel}","templated":true}]}}